{"id":523,"date":"2015-06-24T10:57:07","date_gmt":"2015-06-24T10:57:07","guid":{"rendered":"http:\/\/de-castellane.de\/?page_id=523"},"modified":"2015-06-24T10:57:23","modified_gmt":"2015-06-24T10:57:23","slug":"faq","status":"publish","type":"page","link":"http:\/\/de-castellane.de\/fr\/faq\/","title":{"rendered":"FAQ"},"content":{"rendered":"<h5>Was kann ich booken?<\/h5>\n<p>Wir haben verschiedene Formate und Themen im Angebot. In der Regel stimmen wir Anlass der Veranstaltung und Kost\u00fcme\/Thema ab. Ebenso Umfang und Details kl\u00e4ren wir in pers\u00f6nlichen Gespr\u00e4chen mit unseren Auftraggebern. <\/p>\n<h5>Was kostet das?<\/h5>\n<p>At vero eos et accusam et justo duo dolores et ea rebum. Stet clita kasd gubergren, no sea takimata sanctus est Lorem ipsum dolor sit amet.<\/p>\n<h5>Was muss bei Veranstaltungen im Freien beachtet werden<\/h5>\n<p>At vero eos et accusam et justo duo dolores et ea rebum. Stet clita kasd gubergren, no sea takimata sanctus est Lorem ipsum dolor sit amet.<\/p>\n<h5>Was muss bei Veranstaltungen in Geb\u00e4uden beachtet werden<\/h5>\n<p>At vero eos et accusam et justo duo dolores et ea rebum. Stet clita kasd gubergren, no sea takimata sanctus est Lorem ipsum dolor sit amet.<\/p>\n","protected":false},"excerpt":{"rendered":"<p>Was kann ich booken? Wir haben verschiedene Formate und Themen im Angebot. In der Regel stimmen wir Anlass der Veranstaltung und Kost\u00fcme\/Thema ab. Ebenso Umfang und Details kl\u00e4ren wir in pers\u00f6nlichen Gespr\u00e4chen mit unseren Auftraggebern. Was kostet das? At vero eos et accusam et justo duo dolores et ea rebum. Stet clita kasd gubergren, no&hellip;<\/p>\n","protected":false},"author":1,"featured_media":0,"parent":0,"menu_order":0,"comment_status":"closed","ping_status":"closed","template":"","meta":[],"translation":{"provider":"WPGlobus","version":"2.12.2","language":"fr","enabled_languages":["de","fr"],"languages":{"de":{"title":true,"content":true,"excerpt":false},"fr":{"title":false,"content":false,"excerpt":false}}},"_links":{"self":[{"href":"http:\/\/de-castellane.de\/fr\/wp-json\/wp\/v2\/pages\/523"}],"collection":[{"href":"http:\/\/de-castellane.de\/fr\/wp-json\/wp\/v2\/pages"}],"about":[{"href":"http:\/\/de-castellane.de\/fr\/wp-json\/wp\/v2\/types\/page"}],"author":[{"embeddable":true,"href":"http:\/\/de-castellane.de\/fr\/wp-json\/wp\/v2\/users\/1"}],"replies":[{"embeddable":true,"href":"http:\/\/de-castellane.de\/fr\/wp-json\/wp\/v2\/comments?post=523"}],"version-history":[{"count":1,"href":"http:\/\/de-castellane.de\/fr\/wp-json\/wp\/v2\/pages\/523\/revisions"}],"predecessor-version":[{"id":524,"href":"http:\/\/de-castellane.de\/fr\/wp-json\/wp\/v2\/pages\/523\/revisions\/524"}],"wp:attachment":[{"href":"http:\/\/de-castellane.de\/fr\/wp-json\/wp\/v2\/media?parent=523"}],"curies":[{"name":"wp","href":"https:\/\/api.w.org\/{rel}","templated":true}]}}