{"id":290,"date":"2015-06-02T10:13:20","date_gmt":"2015-06-02T10:13:20","guid":{"rendered":"http:\/\/de-castellane.de\/?page_id=290"},"modified":"2017-01-14T13:08:18","modified_gmt":"2017-01-14T13:08:18","slug":"links","status":"publish","type":"page","link":"https:\/\/de-castellane.de\/fr\/links\/","title":{"rendered":"Links"},"content":{"rendered":"<h4>Ev\u00e8nements<\/h4>\n<p><a href=\"http:\/\/kunstfestspiele.hannover.de\" target=\"_blank\">Kunstfestspiele Herrenhausen<\/a><br \/>\n<a href=\"http:\/\/www.hannover.de\/maschseefest\" target=\"_blank\">Maschseefest<\/a><br \/>\n<a href=\"http:\/\/www.haz.de\/Hannover\/Fotostrecken-Hannover\/Masala-Kinderkarawane-leitet-Fest-der-Kulturen-ein#p1\" target=\"_blank\">Kinderkaravane<\/a><br \/>\n<a href=\"http:\/\/www.hannover.de\/Leben-in-der-Region-Hannover\/Politik\/St%C3%A4dte-Regionspartnerschaften\/St%C3%A4dtepartnerschaften-der-Landeshauptstadt-Hannover\/Hiroshima\/Das-Kirschbl%C3%BCtenfest\" target=\"_blank\">Kirschbl\u00fctenfest<\/a><br \/>\nSpielbank Hannover<br \/>\n<br class=\u201dclear\u201d \/><\/p>\n<h4>Partenaire<\/h4>\n<p><a href=\"http:\/\/www.villefranche.net\/index.php\/a-tout-age\/jeunesse\/272-service-jeunesse.html\" target=\"_blank\">Service Jeunesse Villefranche sur Sa\u00f4ne<\/a><\/p>\n<p><br class=\u201dclear\u201d \/><\/p>\n<h4>Amis<\/h4>\n<p><a href=\"http:\/\/www.samnok.de\" target=\"_blank\">Sam nok<\/a><\/p>\n<p><br class=\u201dclear\u201d \/><\/p>\n<h4>Merci beaucoup aux photographes :<\/h4>\n<p>Agus Heimberg<br \/>\n<a href=\"http:\/\/www.mahramzadeh.de\" target=\"_blank\">Hassan Mahramzadeh<\/a><br \/>\n<a href=\"http:\/\/www.marcforzi.com\" target=\"_blank\">Marc Forzi<\/a><br \/>\nJoachim Puppel<br \/>\nMonika de Castellane<br \/>\nPierre Pontier<br \/>\n<a href=\"http:\/\/www.ulrich-stamm.com\" target=\"_blank\">Ulrich Stamm<\/a> <\/p>\n","protected":false},"excerpt":{"rendered":"<p>Ev\u00e8nements Kunstfestspiele Herrenhausen Maschseefest Kinderkaravane Kirschbl\u00fctenfest Spielbank Hannover Partenaire Service Jeunesse Villefranche sur Sa\u00f4ne Amis Sam nok Merci beaucoup aux photographes : Agus Heimberg Hassan Mahramzadeh Marc Forzi Joachim Puppel Monika de Castellane Pierre Pontier Ulrich Stamm<\/p>\n","protected":false},"author":1,"featured_media":0,"parent":0,"menu_order":0,"comment_status":"closed","ping_status":"closed","template":"","meta":[],"translation":{"provider":"WPGlobus","version":"2.12.2","language":"fr","enabled_languages":["de","fr"],"languages":{"de":{"title":true,"content":true,"excerpt":false},"fr":{"title":false,"content":true,"excerpt":false}}},"_links":{"self":[{"href":"https:\/\/de-castellane.de\/fr\/wp-json\/wp\/v2\/pages\/290"}],"collection":[{"href":"https:\/\/de-castellane.de\/fr\/wp-json\/wp\/v2\/pages"}],"about":[{"href":"https:\/\/de-castellane.de\/fr\/wp-json\/wp\/v2\/types\/page"}],"author":[{"embeddable":true,"href":"https:\/\/de-castellane.de\/fr\/wp-json\/wp\/v2\/users\/1"}],"replies":[{"embeddable":true,"href":"https:\/\/de-castellane.de\/fr\/wp-json\/wp\/v2\/comments?post=290"}],"version-history":[{"count":16,"href":"https:\/\/de-castellane.de\/fr\/wp-json\/wp\/v2\/pages\/290\/revisions"}],"predecessor-version":[{"id":1032,"href":"https:\/\/de-castellane.de\/fr\/wp-json\/wp\/v2\/pages\/290\/revisions\/1032"}],"wp:attachment":[{"href":"https:\/\/de-castellane.de\/fr\/wp-json\/wp\/v2\/media?parent=290"}],"curies":[{"name":"wp","href":"https:\/\/api.w.org\/{rel}","templated":true}]}}