{"id":619,"date":"2015-09-14T13:43:09","date_gmt":"2015-09-14T13:43:09","guid":{"rendered":"http:\/\/de-castellane.de\/?page_id=619"},"modified":"2026-01-07T12:04:40","modified_gmt":"2026-01-07T12:04:40","slug":"about-us","status":"publish","type":"page","link":"https:\/\/de-castellane.de\/fr\/about-us\/","title":{"rendered":"A propos de nous"},"content":{"rendered":"<h4>Compagnie Mille-Lieux<\/h4>\n<p>La compagnie Mille-Lieux est n\u00e9e en 1999 en France \u00e0 l\u2019occasion de la Biennale Internationale de la Danse \u00e0 Lyon. L\u2019initiative en revient \u00e0 Marion de Castellane, danseuse et chor\u00e9graphe.<\/p>\n<p>Depuis sa cr\u00e9ation, la compagnie a pour objet la promotion de la danse sous toutes ses formes. C\u2019est pourquoi en compl\u00e9ment des projets artistiques, elle a toujours \u00e9t\u00e9 attentive \u00e0 la transmission de la danse au travers d\u2019interventions p\u00e9dagogiques (ateliers, stages, animations,\u2026) mais aussi d\u2019improvisations a destination de tous les publics.<\/p>\n<p>Le premier projet de la compagnie a eu lieu en 2000, lors de la Biennale \u00ab&nbsp;Les Routes de la Soies&nbsp;\u00bb, en plein air, dans le cadre du grand D\u00e9fil\u00e9. Durant les quatre ann\u00e9es suivantes ce projet a de nouveau \u00e9t\u00e9 programm\u00e9 lors de la F\u00eates des Lumi\u00e8res \u00e0 Lyon (2001 \u00e0 2004).<\/p>\n<p>La compagnie s\u2019est ensuite sp\u00e9cialis\u00e9e dans les \u00e9chasses ainsi que dans le design et la production de costumes.<\/p>\n<p>Depuis 2004 la compagnie est intervenue principalement en Allemagne&nbsp;: Concours international de Feu d\u2019Artifices Hanovre, Maschseefest Hanovre, La Caravane des Enfants Hanovre, l\u2019inauguration du nouveau GOP Bohn, Foire du Jardin.<\/p>\n\n\n<p class=\"has-text-align-center\">Retrouvez nous sur Instagram<\/p>\n\n\n\n<div class=\"wp-block-image\"><figure class=\"aligncenter size-large\"><img loading=\"lazy\" width=\"250\" height=\"244\" src=\"http:\/\/de-castellane.de\/wp-content\/uploads\/2026\/01\/IMG_9866-2-2.jpg\" alt=\"\" class=\"wp-image-1694\"\/><\/figure><\/div>\n\n\n\n<p><\/p>\n","protected":false},"excerpt":{"rendered":"<p>Compagnie Mille-Lieux La compagnie Mille-Lieux est n\u00e9e en 1999 en France \u00e0 l\u2019occasion de la Biennale Internationale de la Danse \u00e0 Lyon. L\u2019initiative en revient \u00e0 Marion de Castellane, danseuse et chor\u00e9graphe. Depuis sa cr\u00e9ation, la compagnie a pour objet la promotion de la danse sous toutes ses formes. C\u2019est pourquoi en compl\u00e9ment des projets&hellip;<\/p>\n","protected":false},"author":1,"featured_media":0,"parent":0,"menu_order":0,"comment_status":"closed","ping_status":"closed","template":"","meta":[],"translation":{"provider":"WPGlobus","version":"2.12.2","language":"fr","enabled_languages":["de","fr"],"languages":{"de":{"title":true,"content":true,"excerpt":false},"fr":{"title":true,"content":true,"excerpt":false}}},"_links":{"self":[{"href":"https:\/\/de-castellane.de\/fr\/wp-json\/wp\/v2\/pages\/619"}],"collection":[{"href":"https:\/\/de-castellane.de\/fr\/wp-json\/wp\/v2\/pages"}],"about":[{"href":"https:\/\/de-castellane.de\/fr\/wp-json\/wp\/v2\/types\/page"}],"author":[{"embeddable":true,"href":"https:\/\/de-castellane.de\/fr\/wp-json\/wp\/v2\/users\/1"}],"replies":[{"embeddable":true,"href":"https:\/\/de-castellane.de\/fr\/wp-json\/wp\/v2\/comments?post=619"}],"version-history":[{"count":20,"href":"https:\/\/de-castellane.de\/fr\/wp-json\/wp\/v2\/pages\/619\/revisions"}],"predecessor-version":[{"id":1700,"href":"https:\/\/de-castellane.de\/fr\/wp-json\/wp\/v2\/pages\/619\/revisions\/1700"}],"wp:attachment":[{"href":"https:\/\/de-castellane.de\/fr\/wp-json\/wp\/v2\/media?parent=619"}],"curies":[{"name":"wp","href":"https:\/\/api.w.org\/{rel}","templated":true}]}}